{"id":1919,"date":"2024-10-16T08:39:46","date_gmt":"2024-10-16T08:39:46","guid":{"rendered":"https:\/\/glogoconnect.com\/afiliados\/"},"modified":"2024-10-30T12:09:33","modified_gmt":"2024-10-30T12:09:33","slug":"info-afiliados","status":"publish","type":"page","link":"https:\/\/glogoconnect.com\/es\/info-afiliados\/","title":{"rendered":"Afiliados"},"content":{"rendered":"<div class=\"afiliados\"><h2 class=\"titulo_1 margin_bottom_35\" style=\"text-align:center;\">Los colaboradores de Glogo Connect pueden generar ingresos de dos maneras:<\/h2>\r\n\r\n<h2 class=\"titulo_4 margin_bottom_15\" style=\"text-align:center;\"><strong>Trayendo nuevos negocios:<\/strong><\/h2>\r\n\r\n<p style=\"text-align:center;\">Cada vez que un colaborador consiga que un negocio se una a la plataforma mediante su link de invitaci\u00f3n para negocios, recibir\u00e1 una comisi\u00f3n directa seg\u00fan el tipo de membres\u00eda y el m\u00e9todo de pago que haya elegido el cliente.<\/p>\r\n\r\n<h2 class=\"titulo_4 margin_bottom_15 margin_top_35\" style=\"text-align:center;\"><strong>Trayendo nuevos afiliados:<\/strong><\/h2>\r\n\r\n<p style=\"text-align:center;\">Si un colaborador trae a un colaborador nuevo y se registra mediante su link de invitaci\u00f3n para afiliados, tambi\u00e9n ganar\u00e1 comisiones de todos aquellos negocios que ese nuevo colaborador consiga sin necesidad de hacer nada m\u00e1s.<\/p>\r\n\r\n<p style=\"text-align:center;\">De esta forma, un colaborador puede ganar comisiones tanto por traer negocios como por traer nuevos colaboradores que, a su vez, consigan sus propios negocios.<\/p><\/div>\r\n\r\n<p style=\"text-align:center;\"><a class=\"btn btn-secondary ad-post mt-6\" href=\"https:\/\/glogoconnect.com\/es\/registro\/?role=seller\"><i class=\"fa fa-plus text-white\"><\/i> Registro<\/a><\/p><p><\/p>","protected":false},"excerpt":{"rendered":"<p>Los colaboradores de Glogo Connect pueden generar ingresos de dos maneras: Trayendo nuevos negocios: Cada vez que un colaborador consiga que un negocio se una a la plataforma mediante su link de invitaci\u00f3n para negocios, recibir\u00e1 una comisi\u00f3n directa seg\u00fan el tipo de membres\u00eda y el m\u00e9todo de pago que haya elegido el cliente. Trayendo [&hellip;]<\/p>\n","protected":false},"author":1,"featured_media":0,"parent":0,"menu_order":0,"comment_status":"closed","ping_status":"closed","template":"","meta":{"_acf_changed":false,"footnotes":""},"class_list":["post-1919","page","type-page","status-publish","hentry"],"acf":[],"yoast_head":"<!-- This site is optimized with the Yoast SEO plugin v23.5 - https:\/\/yoast.com\/wordpress\/plugins\/seo\/ -->\n<title>Glogo Connect - Buscador negocios Canarias<\/title>\n<meta name=\"description\" content=\"Somos el primer y m\u00e1s completo directorio de negocios de las Islas Canarias que ofrece dar mayor visibilidad a las empresas, soluciones para turistas y oportunidades de trabajo.\" \/>\n<meta name=\"robots\" content=\"index, follow, max-snippet:-1, max-image-preview:large, max-video-preview:-1\" \/>\n<link rel=\"canonical\" href=\"https:\/\/glogoconnect.com\/es\/info-afiliados\/\" \/>\n<meta property=\"og:locale\" content=\"es_ES\" \/>\n<meta property=\"og:type\" content=\"article\" \/>\n<meta property=\"og:title\" content=\"Glogo Connect - Buscador negocios Canarias\" \/>\n<meta property=\"og:description\" content=\"Somos el primer y m\u00e1s completo directorio de negocios de las Islas Canarias que ofrece dar mayor visibilidad a las empresas, soluciones para turistas y oportunidades de trabajo.\" \/>\n<meta property=\"og:url\" content=\"https:\/\/glogoconnect.com\/es\/info-afiliados\/\" \/>\n<meta property=\"og:site_name\" content=\"Glogo connect\" \/>\n<meta property=\"article:modified_time\" content=\"2024-10-30T12:09:33+00:00\" \/>\n<meta name=\"twitter:card\" content=\"summary_large_image\" \/>\n<meta name=\"twitter:label1\" content=\"Tiempo de lectura\" \/>\n\t<meta name=\"twitter:data1\" content=\"1 minuto\" \/>\n<script type=\"application\/ld+json\" class=\"yoast-schema-graph\">{\"@context\":\"https:\/\/schema.org\",\"@graph\":[{\"@type\":\"WebPage\",\"@id\":\"https:\/\/glogoconnect.com\/es\/info-afiliados\/\",\"url\":\"https:\/\/glogoconnect.com\/es\/info-afiliados\/\",\"name\":\"Glogo Connect - Buscador negocios Canarias\",\"isPartOf\":{\"@id\":\"https:\/\/glogoconnect.com\/#website\"},\"datePublished\":\"2024-10-16T08:39:46+00:00\",\"dateModified\":\"2024-10-30T12:09:33+00:00\",\"description\":\"Somos el primer y m\u00e1s completo directorio de negocios de las Islas Canarias que ofrece dar mayor visibilidad a las empresas, soluciones para turistas y oportunidades de trabajo.\",\"breadcrumb\":{\"@id\":\"https:\/\/glogoconnect.com\/es\/info-afiliados\/#breadcrumb\"},\"inLanguage\":\"es\",\"potentialAction\":[{\"@type\":\"ReadAction\",\"target\":[\"https:\/\/glogoconnect.com\/es\/info-afiliados\/\"]}]},{\"@type\":\"BreadcrumbList\",\"@id\":\"https:\/\/glogoconnect.com\/es\/info-afiliados\/#breadcrumb\",\"itemListElement\":[{\"@type\":\"ListItem\",\"position\":1,\"name\":\"Home\",\"item\":\"https:\/\/glogoconnect.com\/es\/\"},{\"@type\":\"ListItem\",\"position\":2,\"name\":\"Afiliados\"}]},{\"@type\":\"WebSite\",\"@id\":\"https:\/\/glogoconnect.com\/#website\",\"url\":\"https:\/\/glogoconnect.com\/\",\"name\":\"Glogo Connect\",\"description\":\"\",\"potentialAction\":[{\"@type\":\"SearchAction\",\"target\":{\"@type\":\"EntryPoint\",\"urlTemplate\":\"https:\/\/glogoconnect.com\/?s={search_term_string}\"},\"query-input\":{\"@type\":\"PropertyValueSpecification\",\"valueRequired\":true,\"valueName\":\"search_term_string\"}}],\"inLanguage\":\"es\"}]}<\/script>\n<!-- \/ Yoast SEO plugin. -->","yoast_head_json":{"title":"Glogo Connect - Buscador negocios Canarias","description":"Somos el primer y m\u00e1s completo directorio de negocios de las Islas Canarias que ofrece dar mayor visibilidad a las empresas, soluciones para turistas y oportunidades de trabajo.","robots":{"index":"index","follow":"follow","max-snippet":"max-snippet:-1","max-image-preview":"max-image-preview:large","max-video-preview":"max-video-preview:-1"},"canonical":"https:\/\/glogoconnect.com\/es\/info-afiliados\/","og_locale":"es_ES","og_type":"article","og_title":"Glogo Connect - Buscador negocios Canarias","og_description":"Somos el primer y m\u00e1s completo directorio de negocios de las Islas Canarias que ofrece dar mayor visibilidad a las empresas, soluciones para turistas y oportunidades de trabajo.","og_url":"https:\/\/glogoconnect.com\/es\/info-afiliados\/","og_site_name":"Glogo connect","article_modified_time":"2024-10-30T12:09:33+00:00","twitter_card":"summary_large_image","twitter_misc":{"Tiempo de lectura":"1 minuto"},"schema":{"@context":"https:\/\/schema.org","@graph":[{"@type":"WebPage","@id":"https:\/\/glogoconnect.com\/es\/info-afiliados\/","url":"https:\/\/glogoconnect.com\/es\/info-afiliados\/","name":"Glogo Connect - Buscador negocios Canarias","isPartOf":{"@id":"https:\/\/glogoconnect.com\/#website"},"datePublished":"2024-10-16T08:39:46+00:00","dateModified":"2024-10-30T12:09:33+00:00","description":"Somos el primer y m\u00e1s completo directorio de negocios de las Islas Canarias que ofrece dar mayor visibilidad a las empresas, soluciones para turistas y oportunidades de trabajo.","breadcrumb":{"@id":"https:\/\/glogoconnect.com\/es\/info-afiliados\/#breadcrumb"},"inLanguage":"es","potentialAction":[{"@type":"ReadAction","target":["https:\/\/glogoconnect.com\/es\/info-afiliados\/"]}]},{"@type":"BreadcrumbList","@id":"https:\/\/glogoconnect.com\/es\/info-afiliados\/#breadcrumb","itemListElement":[{"@type":"ListItem","position":1,"name":"Home","item":"https:\/\/glogoconnect.com\/es\/"},{"@type":"ListItem","position":2,"name":"Afiliados"}]},{"@type":"WebSite","@id":"https:\/\/glogoconnect.com\/#website","url":"https:\/\/glogoconnect.com\/","name":"Glogo Connect","description":"","potentialAction":[{"@type":"SearchAction","target":{"@type":"EntryPoint","urlTemplate":"https:\/\/glogoconnect.com\/?s={search_term_string}"},"query-input":{"@type":"PropertyValueSpecification","valueRequired":true,"valueName":"search_term_string"}}],"inLanguage":"es"}]}},"_links":{"self":[{"href":"https:\/\/glogoconnect.com\/es\/wp-json\/wp\/v2\/pages\/1919","targetHints":{"allow":["GET"]}}],"collection":[{"href":"https:\/\/glogoconnect.com\/es\/wp-json\/wp\/v2\/pages"}],"about":[{"href":"https:\/\/glogoconnect.com\/es\/wp-json\/wp\/v2\/types\/page"}],"author":[{"embeddable":true,"href":"https:\/\/glogoconnect.com\/es\/wp-json\/wp\/v2\/users\/1"}],"replies":[{"embeddable":true,"href":"https:\/\/glogoconnect.com\/es\/wp-json\/wp\/v2\/comments?post=1919"}],"version-history":[{"count":1,"href":"https:\/\/glogoconnect.com\/es\/wp-json\/wp\/v2\/pages\/1919\/revisions"}],"predecessor-version":[{"id":1920,"href":"https:\/\/glogoconnect.com\/es\/wp-json\/wp\/v2\/pages\/1919\/revisions\/1920"}],"wp:attachment":[{"href":"https:\/\/glogoconnect.com\/es\/wp-json\/wp\/v2\/media?parent=1919"}],"curies":[{"name":"wp","href":"https:\/\/api.w.org\/{rel}","templated":true}]}}