{"id":1931,"date":"2024-09-10T19:56:04","date_gmt":"2024-09-10T19:56:04","guid":{"rendered":"https:\/\/glogoconnect.com\/condiciones-contractuales\/"},"modified":"2024-11-03T15:19:45","modified_gmt":"2024-11-03T15:19:45","slug":"condiciones-contractuales","status":"publish","type":"page","link":"https:\/\/glogoconnect.com\/es\/condiciones-contractuales\/","title":{"rendered":"Condiciones contractuales"},"content":{"rendered":"<p><strong>INTERVERA GLOBAL SERVICE, S.L. \u201cGLOGO CONNECT\u201d<\/strong><\/p><p><strong>1. \u00c1mbito de aplicaci\u00f3n<\/strong><\/p><p>Las presentes Condiciones Generales de Contrataci\u00f3n (en adelante, las Condiciones Generales) est\u00e1n sujetas al Real Decreto Legislativo 1\/2007, de 16 de noviembre, por el que se aprueba el texto refundido de la Ley general para la defensa de los consumidores y usuarios y otras leyes complementarias, con las modificaciones de la Ley 3\/2014, de 27 de marzo; a la Ley 34\/2002, de 11 de julio, de servicios de la sociedad de la informaci\u00f3n y de comercio electr\u00f3nico; a la Ley 7\/1998, de 13 de abril, sobre condiciones generales de contrataci\u00f3n y al C\u00f3digo Civil.<\/p><p>Las presentes Condiciones Generales son aplicables a la contrataci\u00f3n de todos los Productos, Servicios, (en adelante, los servicios) que la INTERVERA GLOBAL SERVICE, S.L. \u201cGLOGO CONNECT\u201d (en adelante, GLOGO CONNECT) con domicilio en C\/ EL SAUCE, n\u00famero 9 \u2013 EDIF FAYAL, 38670 \u2013 ADEJE &#8211;\u00a0 S\/C de TENERIFE, con C.I.F.: B-76.774.249, presta a sus Clientes\/Asociados.<\/p><p>La aceptaci\u00f3n de las presentes Condiciones Generales es indispensable para la prestaci\u00f3n de los servicios por parte de GLOGO CONNECT. En tal sentido, el Cliente\/Asociado manifiesta haber le\u00eddo, entendido y aceptado las presentes Condiciones dispuestas con car\u00e1cter previo a la contrataci\u00f3n.<\/p><p><strong>2. Objeto del contrato<\/strong><\/p><p>El presente contrato tiene por objeto la prestaci\u00f3n de los Productos, Servicios, que GLOGO CONNECT ofrece a sus Clientes\/Asociados.<\/p><p>\u00danicamente podr\u00e1n contratar los servicios de GLOGO CONNECT aquellas empresas y\/o personas que hayan suscrito la inscripci\u00f3n a trav\u00e9s del formulario de solicitud de inscripci\u00f3n. Una vez cumplimentado correctamente, los Clientes\/Asociados tendr\u00e1n derecho de asistencia y participaci\u00f3n en los servicios inscritos.<\/p><p>En virtud del contrato celebrado entre el Cliente y GLOGO CONNECT, esta puede proceder al env\u00edo, por correo electr\u00f3nico, de comunicaciones publicitarias o promocionales referentes a eventos, productos, servicios, de GLOGO CONNECT similares a los que han sido objeto de contrataci\u00f3n.<\/p><p>Asimismo, en virtud del contrato celebrado, GLOGO CONNECT proceder\u00e1 al alta autom\u00e1tica en GLOGO CONNECT, espacio en el que el cliente podr\u00e1 gestionar sus datos y sus preferencias de comunicaci\u00f3n.<\/p><p><strong>3. Cesi\u00f3n por el Cliente<\/strong><\/p><p>El Cliente no podr\u00e1 ceder los derechos y obligaciones dimanantes del presente Contrato a terceros sin el consentimiento expreso de GLOGO CONNECT. El nuevo Cliente deber\u00e1 comunicar a\u00a0 GLOGO CONNECT la sucesi\u00f3n en la titularidad del Contrato en el plazo de, como m\u00ednimo, tres d\u00edas antes de la fecha de celebraci\u00f3n prevista del cambio.<\/p><p>El incumplimiento por parte del Cliente de las obligaciones recogidas en esta cl\u00e1usula facultar\u00e1 a GLOGO CONNECT a resolver de pleno derecho el contrato.<\/p><p><strong>4. Cancelaciones, Modificaciones y Devoluciones del servicio<\/strong><\/p><p>GLOGO CONNECT se reserva el derecho de cancelar o modificar la fecha de celebraci\u00f3n del evento en caso de que no exista aforo suficiente para su realizaci\u00f3n o bien por la concurrencia de circunstancias ajenas a su voluntad, comunic\u00e1ndolo, como m\u00ednimo, en un plazo de tres d\u00edas h\u00e1biles anteriores a la fecha inicial prevista de celebraci\u00f3n. En el caso de que la cancelaci\u00f3n o modificaci\u00f3n de la fecha suponga la imposibilidad de asistencia de los inscritos, GLOGO CONNECT proceder\u00e1 exclusivamente a la devoluci\u00f3n de las cuotas de inscripci\u00f3n, sin que haya de abonar otros gastos o importes adicionales en los que, en su caso, hubieran podido incurrir los inscritos. Siempre que se de este hecho.<\/p><p>En el supuesto de que el inscrito opte por cancelar el servicio contratado debe comunic\u00e1rselo a GLOGO CONNECT, para que esta pueda actuar en consecuencia una vez confirmada la cancelaci\u00f3n por parte del inscrito. Si la cancelaci\u00f3n se realiza en un plazo de hasta tres d\u00edas h\u00e1biles antes del evento se devolver\u00e1 el importe completo. Si la cancelaci\u00f3n se realiza en un plazo de hasta dos d\u00edas h\u00e1biles del inicio del evento se devolver\u00e1 el 50% del importe abonado. Si la cancelaci\u00f3n se realiza en un plazo inferior a dos d\u00edas h\u00e1biles del inicio del evento no se devolver\u00e1 cantidad alguna. Siempre que se de este hecho.<\/p><p><strong>5. Legislaci\u00f3n y Jurisdicci\u00f3n<\/strong><\/p><p>Las presentes Condiciones Generales, as\u00ed como cualquier otra cuesti\u00f3n relativa a la contrataci\u00f3n de los servicios de GLOGO CONNECT y su relaci\u00f3n con el Cliente se regir\u00e1n por lo dispuesto en la legislaci\u00f3n espa\u00f1ola vigente.<\/p><p>GLOGO CONNECT y el Cliente se someten a los Juzgados y Tribunales del orden civil de SANTA CRUZ de TENERIFE para cualquier controversia que pudiera derivarse del presente contrato.<\/p><p>Adicionalmente, complementar\u00e1n las presentes Condiciones Generales, en tanto que GLOGO CONNECT oferta sus servicios a trav\u00e9s de una p\u00e1gina Web, el Aviso Legal y la Pol\u00edtica de Privacidad, disponibles en el sitio web https:\/\/www.glogoconnect.com<\/p>","protected":false},"excerpt":{"rendered":"<p>INTERVERA GLOBAL SERVICE, S.L. \u201cGLOGO CONNECT\u201d 1. \u00c1mbito de aplicaci\u00f3n Las presentes Condiciones Generales de Contrataci\u00f3n (en adelante, las Condiciones Generales) est\u00e1n sujetas al Real Decreto Legislativo 1\/2007, de 16 de noviembre, por el que se aprueba el texto refundido de la Ley general para la defensa de los consumidores y usuarios y otras leyes [&hellip;]<\/p>\n","protected":false},"author":6,"featured_media":0,"parent":0,"menu_order":0,"comment_status":"closed","ping_status":"closed","template":"","meta":{"_acf_changed":false,"footnotes":""},"class_list":["post-1931","page","type-page","status-publish","hentry"],"acf":[],"yoast_head":"<!-- This site is optimized with the Yoast SEO plugin v23.5 - https:\/\/yoast.com\/wordpress\/plugins\/seo\/ -->\n<title>Glogo Connect - Buscador negocios Canarias<\/title>\n<meta name=\"description\" content=\"Somos el primer y m\u00e1s completo directorio de negocios de las Islas Canarias que ofrece dar mayor visibilidad a las empresas, soluciones para turistas y oportunidades de trabajo.\" \/>\n<meta name=\"robots\" content=\"index, follow, max-snippet:-1, max-image-preview:large, max-video-preview:-1\" \/>\n<link rel=\"canonical\" href=\"https:\/\/glogoconnect.com\/es\/condiciones-contractuales\/\" \/>\n<meta property=\"og:locale\" content=\"es_ES\" \/>\n<meta property=\"og:type\" content=\"article\" \/>\n<meta property=\"og:title\" content=\"Glogo Connect - Buscador negocios Canarias\" \/>\n<meta property=\"og:description\" content=\"Somos el primer y m\u00e1s completo directorio de negocios de las Islas Canarias que ofrece dar mayor visibilidad a las empresas, soluciones para turistas y oportunidades de trabajo.\" \/>\n<meta property=\"og:url\" content=\"https:\/\/glogoconnect.com\/es\/condiciones-contractuales\/\" \/>\n<meta property=\"og:site_name\" content=\"Glogo connect\" \/>\n<meta property=\"article:modified_time\" content=\"2024-11-03T15:19:45+00:00\" \/>\n<meta name=\"twitter:card\" content=\"summary_large_image\" \/>\n<meta name=\"twitter:label1\" content=\"Tiempo de lectura\" \/>\n\t<meta name=\"twitter:data1\" content=\"4 minutos\" \/>\n<script type=\"application\/ld+json\" class=\"yoast-schema-graph\">{\"@context\":\"https:\/\/schema.org\",\"@graph\":[{\"@type\":\"WebPage\",\"@id\":\"https:\/\/glogoconnect.com\/es\/condiciones-contractuales\/\",\"url\":\"https:\/\/glogoconnect.com\/es\/condiciones-contractuales\/\",\"name\":\"Glogo Connect - Buscador negocios Canarias\",\"isPartOf\":{\"@id\":\"https:\/\/glogoconnect.com\/#website\"},\"datePublished\":\"2024-09-10T19:56:04+00:00\",\"dateModified\":\"2024-11-03T15:19:45+00:00\",\"description\":\"Somos el primer y m\u00e1s completo directorio de negocios de las Islas Canarias que ofrece dar mayor visibilidad a las empresas, soluciones para turistas y oportunidades de trabajo.\",\"breadcrumb\":{\"@id\":\"https:\/\/glogoconnect.com\/es\/condiciones-contractuales\/#breadcrumb\"},\"inLanguage\":\"es\",\"potentialAction\":[{\"@type\":\"ReadAction\",\"target\":[\"https:\/\/glogoconnect.com\/es\/condiciones-contractuales\/\"]}]},{\"@type\":\"BreadcrumbList\",\"@id\":\"https:\/\/glogoconnect.com\/es\/condiciones-contractuales\/#breadcrumb\",\"itemListElement\":[{\"@type\":\"ListItem\",\"position\":1,\"name\":\"Home\",\"item\":\"https:\/\/glogoconnect.com\/es\/\"},{\"@type\":\"ListItem\",\"position\":2,\"name\":\"Condiciones contractuales\"}]},{\"@type\":\"WebSite\",\"@id\":\"https:\/\/glogoconnect.com\/#website\",\"url\":\"https:\/\/glogoconnect.com\/\",\"name\":\"Glogo Connect\",\"description\":\"\",\"potentialAction\":[{\"@type\":\"SearchAction\",\"target\":{\"@type\":\"EntryPoint\",\"urlTemplate\":\"https:\/\/glogoconnect.com\/?s={search_term_string}\"},\"query-input\":{\"@type\":\"PropertyValueSpecification\",\"valueRequired\":true,\"valueName\":\"search_term_string\"}}],\"inLanguage\":\"es\"}]}<\/script>\n<!-- \/ Yoast SEO plugin. -->","yoast_head_json":{"title":"Glogo Connect - Buscador negocios Canarias","description":"Somos el primer y m\u00e1s completo directorio de negocios de las Islas Canarias que ofrece dar mayor visibilidad a las empresas, soluciones para turistas y oportunidades de trabajo.","robots":{"index":"index","follow":"follow","max-snippet":"max-snippet:-1","max-image-preview":"max-image-preview:large","max-video-preview":"max-video-preview:-1"},"canonical":"https:\/\/glogoconnect.com\/es\/condiciones-contractuales\/","og_locale":"es_ES","og_type":"article","og_title":"Glogo Connect - Buscador negocios Canarias","og_description":"Somos el primer y m\u00e1s completo directorio de negocios de las Islas Canarias que ofrece dar mayor visibilidad a las empresas, soluciones para turistas y oportunidades de trabajo.","og_url":"https:\/\/glogoconnect.com\/es\/condiciones-contractuales\/","og_site_name":"Glogo connect","article_modified_time":"2024-11-03T15:19:45+00:00","twitter_card":"summary_large_image","twitter_misc":{"Tiempo de lectura":"4 minutos"},"schema":{"@context":"https:\/\/schema.org","@graph":[{"@type":"WebPage","@id":"https:\/\/glogoconnect.com\/es\/condiciones-contractuales\/","url":"https:\/\/glogoconnect.com\/es\/condiciones-contractuales\/","name":"Glogo Connect - Buscador negocios Canarias","isPartOf":{"@id":"https:\/\/glogoconnect.com\/#website"},"datePublished":"2024-09-10T19:56:04+00:00","dateModified":"2024-11-03T15:19:45+00:00","description":"Somos el primer y m\u00e1s completo directorio de negocios de las Islas Canarias que ofrece dar mayor visibilidad a las empresas, soluciones para turistas y oportunidades de trabajo.","breadcrumb":{"@id":"https:\/\/glogoconnect.com\/es\/condiciones-contractuales\/#breadcrumb"},"inLanguage":"es","potentialAction":[{"@type":"ReadAction","target":["https:\/\/glogoconnect.com\/es\/condiciones-contractuales\/"]}]},{"@type":"BreadcrumbList","@id":"https:\/\/glogoconnect.com\/es\/condiciones-contractuales\/#breadcrumb","itemListElement":[{"@type":"ListItem","position":1,"name":"Home","item":"https:\/\/glogoconnect.com\/es\/"},{"@type":"ListItem","position":2,"name":"Condiciones contractuales"}]},{"@type":"WebSite","@id":"https:\/\/glogoconnect.com\/#website","url":"https:\/\/glogoconnect.com\/","name":"Glogo Connect","description":"","potentialAction":[{"@type":"SearchAction","target":{"@type":"EntryPoint","urlTemplate":"https:\/\/glogoconnect.com\/?s={search_term_string}"},"query-input":{"@type":"PropertyValueSpecification","valueRequired":true,"valueName":"search_term_string"}}],"inLanguage":"es"}]}},"_links":{"self":[{"href":"https:\/\/glogoconnect.com\/es\/wp-json\/wp\/v2\/pages\/1931","targetHints":{"allow":["GET"]}}],"collection":[{"href":"https:\/\/glogoconnect.com\/es\/wp-json\/wp\/v2\/pages"}],"about":[{"href":"https:\/\/glogoconnect.com\/es\/wp-json\/wp\/v2\/types\/page"}],"author":[{"embeddable":true,"href":"https:\/\/glogoconnect.com\/es\/wp-json\/wp\/v2\/users\/6"}],"replies":[{"embeddable":true,"href":"https:\/\/glogoconnect.com\/es\/wp-json\/wp\/v2\/comments?post=1931"}],"version-history":[{"count":1,"href":"https:\/\/glogoconnect.com\/es\/wp-json\/wp\/v2\/pages\/1931\/revisions"}],"predecessor-version":[{"id":1932,"href":"https:\/\/glogoconnect.com\/es\/wp-json\/wp\/v2\/pages\/1931\/revisions\/1932"}],"wp:attachment":[{"href":"https:\/\/glogoconnect.com\/es\/wp-json\/wp\/v2\/media?parent=1931"}],"curies":[{"name":"wp","href":"https:\/\/api.w.org\/{rel}","templated":true}]}}