{"id":1933,"date":"2024-09-10T19:54:19","date_gmt":"2024-09-10T19:54:19","guid":{"rendered":"https:\/\/glogoconnect.com\/aviso-legal\/"},"modified":"2024-11-03T15:21:39","modified_gmt":"2024-11-03T15:21:39","slug":"aviso-legal","status":"publish","type":"page","link":"https:\/\/glogoconnect.com\/es\/aviso-legal\/","title":{"rendered":"Aviso legal"},"content":{"rendered":"<p><strong>1. DATOS IDENTIFICATIVOS DEL TITULAR DE LA P\u00c1GINA WEB<\/strong><\/p><p>En cumplimiento del deber de informaci\u00f3n que establece la Ley 34\/2002, de 11 de julio, de Servicios de la Sociedad de la Informaci\u00f3n y del Comercio Electr\u00f3nico, le comunicamos que la presente web es titularidad de la INTERVERA GLOBAL SERVICE, S.L. (en adelante, \u201c GLOGO CONNECT \u201d), y cuyos datos son los siguientes:<\/p><p>INTERVERA GLOBAL SERVICE, S.L.<\/p><p>GLOGO CONNECT<\/p><p>C\/ EL SAUCE, N\u00ba 9, EDIF. FAYAL<\/p><p>38670 \u2013 ADEJE \u2013 S\/C de TENERIFE<\/p><p>C.I.F.: B-76.774.249<\/p><p>Tel\u00e9fono: +34 672.663.446<\/p><p>Correo electr\u00f3nico: <a href=\"mailto:info@glogoconnect.com\">info@glogoconnect.com<\/a><\/p><p><strong>2. T\u00c9RMINOS DE USO DE LA WEB<\/strong><\/p><p><strong>1. Acceso<\/strong><\/p><p>El acceso a la web es libre y gratuito y no requiere previa suscripci\u00f3n.<\/p><p>La utilizaci\u00f3n de la web https:\/\/www.glogoconnect.com\/ (en adelante, \u201cla web\u201d) atribuye la condici\u00f3n de usuario de la Web (en adelante, \u201cel Usuario\u201d), a toda persona que acceda a la misma e implica la aceptaci\u00f3n plena y sin reservas de la Pol\u00edtica de Privacidad y a las Condiciones de Uso descritas a continuaci\u00f3n, as\u00ed como a la Pol\u00edtica de cookies que se encuentra en dicha web.<\/p><p>En caso de que el Usuario que acceda a la Web sea menor de edad, deber\u00e1 haber obtenido, previamente, la autorizaci\u00f3n correspondiente de sus padres o tutores legales, quienes ser\u00e1n responsables, en cualquier caso, de los actos realizados por los menores a su cargo.<\/p><p><strong>2. Contenido<\/strong><\/p><p>El contenido de la Web es de car\u00e1cter general y tiene una finalidad meramente informativa, sin que se garantice plenamente el acceso a todos los contenidos, ni su exhaustividad, correcci\u00f3n, vigencia o actualidad, ni su idoneidad o utilidad para un objetivo espec\u00edfico.<\/p><p>La informaci\u00f3n facilitada a trav\u00e9s de la Web ha de entenderse como una gu\u00eda sin validez legal, puesto que la misma no sustituye la publicidad legal de las leyes o disposiciones normativas, planes, disposiciones generales y actos que tengan que ser publicados formalmente en los diarios oficiales de las Administraciones P\u00fablicas correspondientes, que constituyen el \u00fanico instrumento que da fe de su autenticidad y contenido.<\/p><p>INTERVERA GLOBAL SERVICE, S.L. &#8211; GLOGO CONNECT, no ser\u00e1 responsable, en ning\u00fan caso, de los da\u00f1os y perjuicios de toda naturaleza que pudieran derivarse de:<\/p><ul class=\"wp-block-list\"><li>La imposibilidad de acceso a la Web o la falta de veracidad, exactitud, exhaustividad y\/o actualidad de los contenidos, as\u00ed como la existencia de vicios y defectos de cualquier clase de los contenidos transmitidos, difundidos, almacenados o puestos a disposici\u00f3n de los Usuarios a los que se haya accedido a trav\u00e9s de la Web o de los servicios que en ella se ofrecen.<\/li>\n\n<li>La presencia de virus o de otros elementos en los contenidos que puedan producir alteraciones en los sistemas inform\u00e1ticos, documentos electr\u00f3nicos o datos de los usuarios.<\/li>\n\n<li>El incumplimiento de las leyes, la buena fe, el orden p\u00fablico, los usos del tr\u00e1fico y la presente pol\u00edtica de privacidad como consecuencia del uso incorrecto de la Web por el Usuario.<\/li><\/ul><p>En particular, INTERVERA GLOBAL SERVICE, S.L. &#8211; GLOGO CONNECT no se hace responsable de las actuaciones de terceros que vulneren, entre otros, derechos de propiedad intelectual e industrial, secretos empresariales, derechos al honor, a la intimidad personal y familiar y a la propia imagen, as\u00ed como la normativa en materia de competencia desleal y publicidad il\u00edcita.<\/p><p>Cualquier responsabilidad respecto a la informaci\u00f3n que se halle fuera de esta Web y no sea gestionada directamente por nuestro webmaster.<\/p><p><strong>3. Compromisos de utilizaci\u00f3n<\/strong><\/p><p>El Usuario se compromete expresamente a hacer un uso adecuado de los contenidos y servicios ofrecidos en la Web y se obliga a no emplearlos para:<\/p><p>Difundir contenidos delictivos, violentos, pornogr\u00e1ficos, racistas, xen\u00f3fobos, ofensivos, de apolog\u00eda del terrorismo o, en general, contrarios a la ley, a la moral y buenas costumbres generalmente aceptadas o de orden p\u00fablico.<\/p><p>Transmitir, difundir o poner a disposici\u00f3n de tercero cualquier clase de material que de cualquier forma sea contrario, o menosprecie o atente contra los derechos fundamentales, las garant\u00edas y libertades reconocidas constitucionalmente, en Tratados Internacionales y en el resto de la legislaci\u00f3n.<\/p><p>Introducir en la red virus inform\u00e1ticos u otros elementos f\u00edsicos o electr\u00f3nicos, o realizar actuaciones susceptibles de alterar, estropear, interrumpir o generar errores o da\u00f1os en los documentos electr\u00f3nicos, datos o sistemas f\u00edsicos y l\u00f3gicos de INTERVERA GLOBAL SERVICE, S.L. &#8211; GLOGO CONNECT o de terceras personas; as\u00ed como obstaculizar el acceso de otros Usuarios a la Web y a sus servicios mediante el consumo masivo de los recursos inform\u00e1ticos a trav\u00e9s de los cuales INTERVERA GLOBAL SERVICE, S.L. &#8211; GLOGO CONNECT presta sus servicios.<\/p><p>Intentar acceder a las cuentas de correo electr\u00f3nico de otros Usuarios o a \u00e1reas restringidas de los sistemas inform\u00e1ticos de INTERVERA GLOBAL SERVICE, S.L. &#8211; GLOGO CONNECT o de terceros y, en su caso, extraer cualquier informaci\u00f3n.<\/p><p>Vulnerar los derechos de propiedad intelectual o industrial, as\u00ed como violar la confidencialidad de la informaci\u00f3n de INTERVERA GLOBAL SERVICE, S.L. &#8211; GLOGO CONNECT o los secretos empresariales de terceros, o en cualquier caso, que infrinja la obligaci\u00f3n de garantizar la confidencialidad de las comunicaciones.<\/p><p>Suplantar la identidad de otro Usuario, de las Administraciones P\u00fablicas o de un tercero.<\/p><p>Reproducir, copiar, distribuir, poner a disposici\u00f3n o de cualquier otra forma comunicar p\u00fablicamente, transformar o modificar los contenidos, salvo previa autorizaci\u00f3n expresa del titular de los correspondientes derechos o ello resulte legalmente permitido.<\/p><p>Recabar datos con finalidad publicitaria y de remitir publicidad de cualquier clase y comunicaciones con fines de venta u otras de naturaleza comercial sin que medie su previa solicitud o consentimiento.<\/p><p><strong>4. Propiedad Intelectual e Industrial<\/strong><\/p><p>Todos los contenidos de la Web, como textos, fotograf\u00edas, gr\u00e1ficos, im\u00e1genes, iconos, tecnolog\u00eda, archivos de sonido y\/o imagen, software, as\u00ed como su dise\u00f1o gr\u00e1fico y c\u00f3digos fuente, etc. constituyen una obra cuya propiedad pertenece a INTERVERA GLOBAL SERVICE, S.L. &#8211; GLOGO CONNECT o, en su caso, a un titular tercero, sin que puedan entenderse cedidos al Usuario ninguno de los derechos de explotaci\u00f3n sobre los mismos m\u00e1s all\u00e1 de lo estrictamente necesario para el correcto uso de la Web, sin que medie, previa y expresamente, la autorizaci\u00f3n escrita por parte de INTERVERA GLOBAL SERVICE, S.L. &#8211; GLOGO CONNECT para ello.<\/p><p>As\u00ed mismo, todas las marcas, nombres comerciales y dem\u00e1s signos distintivos de cualquier clase que aparecen en la Web son propiedad de INTERVERA GLOBAL SERVICE, S.L. &#8211; GLOGO CONNECT o, en su caso, de sus respectivos titulares, sin que pueda entenderse que el uso o acceso al mismo atribuya al Usuario derecho alguno sobre los mismos.<\/p><p>No est\u00e1 permitida la reproducci\u00f3n, distribuci\u00f3n, comercializaci\u00f3n, copia, duplicaci\u00f3n, cesi\u00f3n o transformaci\u00f3n, total o parcial, gratuita u onerosa, de esta p\u00e1gina sin la previa autorizaci\u00f3n expresa y por escrito de INTERVERA GLOBAL SERVICE, S.L. &#8211; GLOGO CONNECT<\/p><p>INTERVERA GLOBAL SERVICE, S.L. &#8211; GLOGO CONNECT autoriza a los Usuarios al establecimiento de hiperenlaces entre su p\u00e1gina Web y el portal Web propiedad de INTERVERA GLOBAL SERVICE, S.L. &#8211; GLOGO CONNECT, siempre que el mismo \u00fanicamente permita el acceso a la p\u00e1gina de inicio de la Web, y de que el Usuario no realice manifestaciones o indicaciones falsas, inexactas o incorrectas sobre INTERVERA GLOBAL SERVICE, S.L. &#8211; GLOGO CONNECT ni incluya contenidos il\u00edcitos, o contrarios a la ley, a la buena fe y al orden p\u00fablico, as\u00ed como contenidos contrarios a cualquier derecho de terceros.<\/p><p>Los datos que se publican en la Web y que contienen datos de car\u00e1cter personal se ajustan a la legislaci\u00f3n actual de protecci\u00f3n de datos. Estos datos no constituyen fuente de acceso p\u00fablico y no podr\u00e1n ser reproducidos ni en todo ni en parte, ni transmitidos ni registrados por ning\u00fan sistema de recuperaci\u00f3n de informaci\u00f3n, sin el consentimiento de los propios afectados.<\/p><p><strong>5. Procedimiento en caso de realizaci\u00f3n de actividades de car\u00e1cter il\u00edcito<\/strong><\/p><p>En el caso de que un Usuario o un tercero considere que existen hechos o circunstancias que revelen el car\u00e1cter il\u00edcito de la utilizaci\u00f3n de cualquier contenido incluido o accesible a trav\u00e9s de la Web, deber\u00e1 enviar una notificaci\u00f3n a INTERVERA GLOBAL SERVICE, S.L. &#8211; GLOGO CONNECT, identific\u00e1ndose debidamente, especificando las supuestas infracciones y declarando expresamente, y bajo su responsabilidad, que la informaci\u00f3n proporcionada en la notificaci\u00f3n es exacta y veraz.<\/p><p>Puede hacernos llegar dicha comunicaci\u00f3n por los siguientes medios:<\/p><ul class=\"wp-block-list\"><li>Correo ordinario, dirigido a INTERVERA GLOBAL SERVICE, S.L. &#8211; GLOGO CONNECT, con domicilio de actividad en C\/ EL SAUCE, N\u00ba 9, EDIF. FAYAL \u2013 38670 \u2013 ADEJE \u2013 S\/C de TENERIFE\u00a0<\/li>\n\n<li>Correo electr\u00f3nico dirigido a: info@glogoconnect.com<\/li><\/ul><p><strong>6. Legislaci\u00f3n y Jurisdicci\u00f3n<\/strong><\/p><p>El presente Aviso Legal se rige en todos y cada uno de sus extremos por la Ley espa\u00f1ola y cualquier controversia del mismo se resolver\u00e1 por los Juzgados y Tribunales del orden civil de SANTA CRUZ DE TENERIFE \u2013 ISLAS CANARIAS \u2013 COMUNIDAD AUTONOMA CANARIA \u2013 ESPA\u00d1A.<\/p>","protected":false},"excerpt":{"rendered":"<p>1. DATOS IDENTIFICATIVOS DEL TITULAR DE LA P\u00c1GINA WEB En cumplimiento del deber de informaci\u00f3n que establece la Ley 34\/2002, de 11 de julio, de Servicios de la Sociedad de la Informaci\u00f3n y del Comercio Electr\u00f3nico, le comunicamos que la presente web es titularidad de la INTERVERA GLOBAL SERVICE, S.L. (en adelante, \u201c GLOGO CONNECT [&hellip;]<\/p>\n","protected":false},"author":6,"featured_media":0,"parent":0,"menu_order":0,"comment_status":"closed","ping_status":"closed","template":"","meta":{"_acf_changed":false,"footnotes":""},"class_list":["post-1933","page","type-page","status-publish","hentry"],"acf":[],"yoast_head":"<!-- This site is optimized with the Yoast SEO plugin v23.5 - https:\/\/yoast.com\/wordpress\/plugins\/seo\/ -->\n<title>Glogo Connect - Buscador negocios Canarias<\/title>\n<meta name=\"description\" content=\"Somos el primer y m\u00e1s completo directorio de negocios de las Islas Canarias que ofrece dar mayor visibilidad a las empresas, soluciones para turistas y oportunidades de trabajo.\" \/>\n<meta name=\"robots\" content=\"index, follow, max-snippet:-1, max-image-preview:large, max-video-preview:-1\" \/>\n<link rel=\"canonical\" href=\"https:\/\/glogoconnect.com\/es\/aviso-legal\/\" \/>\n<meta property=\"og:locale\" content=\"es_ES\" \/>\n<meta property=\"og:type\" content=\"article\" \/>\n<meta property=\"og:title\" content=\"Glogo Connect - Buscador negocios Canarias\" \/>\n<meta property=\"og:description\" content=\"Somos el primer y m\u00e1s completo directorio de negocios de las Islas Canarias que ofrece dar mayor visibilidad a las empresas, soluciones para turistas y oportunidades de trabajo.\" \/>\n<meta property=\"og:url\" content=\"https:\/\/glogoconnect.com\/es\/aviso-legal\/\" \/>\n<meta property=\"og:site_name\" content=\"Glogo connect\" \/>\n<meta property=\"article:modified_time\" content=\"2024-11-03T15:21:39+00:00\" \/>\n<meta name=\"twitter:card\" content=\"summary_large_image\" \/>\n<meta name=\"twitter:label1\" content=\"Tiempo de lectura\" \/>\n\t<meta name=\"twitter:data1\" content=\"8 minutos\" \/>\n<script type=\"application\/ld+json\" class=\"yoast-schema-graph\">{\"@context\":\"https:\/\/schema.org\",\"@graph\":[{\"@type\":\"WebPage\",\"@id\":\"https:\/\/glogoconnect.com\/es\/aviso-legal\/\",\"url\":\"https:\/\/glogoconnect.com\/es\/aviso-legal\/\",\"name\":\"Glogo Connect - Buscador negocios Canarias\",\"isPartOf\":{\"@id\":\"https:\/\/glogoconnect.com\/#website\"},\"datePublished\":\"2024-09-10T19:54:19+00:00\",\"dateModified\":\"2024-11-03T15:21:39+00:00\",\"description\":\"Somos el primer y m\u00e1s completo directorio de negocios de las Islas Canarias que ofrece dar mayor visibilidad a las empresas, soluciones para turistas y oportunidades de trabajo.\",\"breadcrumb\":{\"@id\":\"https:\/\/glogoconnect.com\/es\/aviso-legal\/#breadcrumb\"},\"inLanguage\":\"es\",\"potentialAction\":[{\"@type\":\"ReadAction\",\"target\":[\"https:\/\/glogoconnect.com\/es\/aviso-legal\/\"]}]},{\"@type\":\"BreadcrumbList\",\"@id\":\"https:\/\/glogoconnect.com\/es\/aviso-legal\/#breadcrumb\",\"itemListElement\":[{\"@type\":\"ListItem\",\"position\":1,\"name\":\"Home\",\"item\":\"https:\/\/glogoconnect.com\/es\/\"},{\"@type\":\"ListItem\",\"position\":2,\"name\":\"Aviso legal\"}]},{\"@type\":\"WebSite\",\"@id\":\"https:\/\/glogoconnect.com\/#website\",\"url\":\"https:\/\/glogoconnect.com\/\",\"name\":\"Glogo Connect\",\"description\":\"\",\"potentialAction\":[{\"@type\":\"SearchAction\",\"target\":{\"@type\":\"EntryPoint\",\"urlTemplate\":\"https:\/\/glogoconnect.com\/?s={search_term_string}\"},\"query-input\":{\"@type\":\"PropertyValueSpecification\",\"valueRequired\":true,\"valueName\":\"search_term_string\"}}],\"inLanguage\":\"es\"}]}<\/script>\n<!-- \/ Yoast SEO plugin. -->","yoast_head_json":{"title":"Glogo Connect - Buscador negocios Canarias","description":"Somos el primer y m\u00e1s completo directorio de negocios de las Islas Canarias que ofrece dar mayor visibilidad a las empresas, soluciones para turistas y oportunidades de trabajo.","robots":{"index":"index","follow":"follow","max-snippet":"max-snippet:-1","max-image-preview":"max-image-preview:large","max-video-preview":"max-video-preview:-1"},"canonical":"https:\/\/glogoconnect.com\/es\/aviso-legal\/","og_locale":"es_ES","og_type":"article","og_title":"Glogo Connect - Buscador negocios Canarias","og_description":"Somos el primer y m\u00e1s completo directorio de negocios de las Islas Canarias que ofrece dar mayor visibilidad a las empresas, soluciones para turistas y oportunidades de trabajo.","og_url":"https:\/\/glogoconnect.com\/es\/aviso-legal\/","og_site_name":"Glogo connect","article_modified_time":"2024-11-03T15:21:39+00:00","twitter_card":"summary_large_image","twitter_misc":{"Tiempo de lectura":"8 minutos"},"schema":{"@context":"https:\/\/schema.org","@graph":[{"@type":"WebPage","@id":"https:\/\/glogoconnect.com\/es\/aviso-legal\/","url":"https:\/\/glogoconnect.com\/es\/aviso-legal\/","name":"Glogo Connect - Buscador negocios Canarias","isPartOf":{"@id":"https:\/\/glogoconnect.com\/#website"},"datePublished":"2024-09-10T19:54:19+00:00","dateModified":"2024-11-03T15:21:39+00:00","description":"Somos el primer y m\u00e1s completo directorio de negocios de las Islas Canarias que ofrece dar mayor visibilidad a las empresas, soluciones para turistas y oportunidades de trabajo.","breadcrumb":{"@id":"https:\/\/glogoconnect.com\/es\/aviso-legal\/#breadcrumb"},"inLanguage":"es","potentialAction":[{"@type":"ReadAction","target":["https:\/\/glogoconnect.com\/es\/aviso-legal\/"]}]},{"@type":"BreadcrumbList","@id":"https:\/\/glogoconnect.com\/es\/aviso-legal\/#breadcrumb","itemListElement":[{"@type":"ListItem","position":1,"name":"Home","item":"https:\/\/glogoconnect.com\/es\/"},{"@type":"ListItem","position":2,"name":"Aviso legal"}]},{"@type":"WebSite","@id":"https:\/\/glogoconnect.com\/#website","url":"https:\/\/glogoconnect.com\/","name":"Glogo Connect","description":"","potentialAction":[{"@type":"SearchAction","target":{"@type":"EntryPoint","urlTemplate":"https:\/\/glogoconnect.com\/?s={search_term_string}"},"query-input":{"@type":"PropertyValueSpecification","valueRequired":true,"valueName":"search_term_string"}}],"inLanguage":"es"}]}},"_links":{"self":[{"href":"https:\/\/glogoconnect.com\/es\/wp-json\/wp\/v2\/pages\/1933","targetHints":{"allow":["GET"]}}],"collection":[{"href":"https:\/\/glogoconnect.com\/es\/wp-json\/wp\/v2\/pages"}],"about":[{"href":"https:\/\/glogoconnect.com\/es\/wp-json\/wp\/v2\/types\/page"}],"author":[{"embeddable":true,"href":"https:\/\/glogoconnect.com\/es\/wp-json\/wp\/v2\/users\/6"}],"replies":[{"embeddable":true,"href":"https:\/\/glogoconnect.com\/es\/wp-json\/wp\/v2\/comments?post=1933"}],"version-history":[{"count":1,"href":"https:\/\/glogoconnect.com\/es\/wp-json\/wp\/v2\/pages\/1933\/revisions"}],"predecessor-version":[{"id":1934,"href":"https:\/\/glogoconnect.com\/es\/wp-json\/wp\/v2\/pages\/1933\/revisions\/1934"}],"wp:attachment":[{"href":"https:\/\/glogoconnect.com\/es\/wp-json\/wp\/v2\/media?parent=1933"}],"curies":[{"name":"wp","href":"https:\/\/api.w.org\/{rel}","templated":true}]}}