{"id":1935,"date":"2024-09-10T19:52:03","date_gmt":"2024-09-10T19:52:03","guid":{"rendered":"https:\/\/glogoconnect.com\/terminos-y-condiciones\/"},"modified":"2024-11-03T15:22:32","modified_gmt":"2024-11-03T15:22:32","slug":"terminos-y-condiciones","status":"publish","type":"page","link":"https:\/\/glogoconnect.com\/es\/terminos-y-condiciones\/","title":{"rendered":"T\u00e9rminos y condiciones"},"content":{"rendered":"<p><strong>POL\u00cdTICA DE DEVOLUCIONES EN CASO DE CANCELACI\u00d3N<\/strong><\/p><p>En caso de cancelaci\u00f3n se aplicar\u00e1 la siguiente pol\u00edtica:<\/p><p>La Agencia comunicar\u00e1 con un plazo m\u00ednimo de 10 d\u00edas antes de la generaci\u00f3n del cobro la renovaci\u00f3n de la membres\u00eda, pudiendo el cliente renovarla, modificarla, o cancelarla. En caso de no recibir contestaci\u00f3n alguna por parte del cliente, se entender\u00e1 que procede una renovaci\u00f3n autom\u00e1tica.\u00a0<\/p><p>Si la cancelaci\u00f3n se realiza hasta 10 d\u00edas laborables antes del pr\u00f3ximo recibo de la cuota no se pasar\u00e1 al cobro, en el supuesto que se diera el caso de ser abonado, este le ser\u00e1 reembolsado \u00edntegramente.\u00a0 La falta de pago en el tiempo y la forma establecido en la cl\u00e1usula quinta, (Duraci\u00f3n del Contrato), conllevar\u00e1 la rescisi\u00f3n inmediata del contrato, cesando la prestaci\u00f3n de los servicios de Agencia contratados.<\/p><p>GLOGO CONNECT se reserva el derecho de anular o modificar la cancelaci\u00f3n del contrato de servicio suscrito entre las partes de forma unilateral si se observase cualquier incumplimiento por parte de contratante comunic\u00e1ndolo como m\u00ednimo, en un plazo de 10 d\u00edas h\u00e1biles anteriores a la fecha prevista de cobro de la cuota. En el caso de que se produjera el cargo ya indebido se le devolver\u00e1 \u00edntegramente su importe.<\/p>","protected":false},"excerpt":{"rendered":"<p>POL\u00cdTICA DE DEVOLUCIONES EN CASO DE CANCELACI\u00d3N En caso de cancelaci\u00f3n se aplicar\u00e1 la siguiente pol\u00edtica: La Agencia comunicar\u00e1 con un plazo m\u00ednimo de 10 d\u00edas antes de la generaci\u00f3n del cobro la renovaci\u00f3n de la membres\u00eda, pudiendo el cliente renovarla, modificarla, o cancelarla. En caso de no recibir contestaci\u00f3n alguna por parte del cliente, [&hellip;]<\/p>\n","protected":false},"author":6,"featured_media":0,"parent":0,"menu_order":0,"comment_status":"closed","ping_status":"closed","template":"","meta":{"_acf_changed":false,"footnotes":""},"class_list":["post-1935","page","type-page","status-publish","hentry"],"acf":[],"yoast_head":"<!-- This site is optimized with the Yoast SEO plugin v23.5 - https:\/\/yoast.com\/wordpress\/plugins\/seo\/ -->\n<title>Glogo Connect - Buscador negocios Canarias<\/title>\n<meta name=\"description\" content=\"Somos el primer y m\u00e1s completo directorio de negocios de las Islas Canarias que ofrece dar mayor visibilidad a las empresas, soluciones para turistas y oportunidades de trabajo.\" \/>\n<meta name=\"robots\" content=\"index, follow, max-snippet:-1, max-image-preview:large, max-video-preview:-1\" \/>\n<link rel=\"canonical\" href=\"https:\/\/glogoconnect.com\/es\/terminos-y-condiciones\/\" \/>\n<meta property=\"og:locale\" content=\"es_ES\" \/>\n<meta property=\"og:type\" content=\"article\" \/>\n<meta property=\"og:title\" content=\"Glogo Connect - Buscador negocios Canarias\" \/>\n<meta property=\"og:description\" content=\"Somos el primer y m\u00e1s completo directorio de negocios de las Islas Canarias que ofrece dar mayor visibilidad a las empresas, soluciones para turistas y oportunidades de trabajo.\" \/>\n<meta property=\"og:url\" content=\"https:\/\/glogoconnect.com\/es\/terminos-y-condiciones\/\" \/>\n<meta property=\"og:site_name\" content=\"Glogo connect\" \/>\n<meta property=\"article:modified_time\" content=\"2024-11-03T15:22:32+00:00\" \/>\n<meta name=\"twitter:card\" content=\"summary_large_image\" \/>\n<meta name=\"twitter:label1\" content=\"Tiempo de lectura\" \/>\n\t<meta name=\"twitter:data1\" content=\"1 minuto\" \/>\n<script type=\"application\/ld+json\" class=\"yoast-schema-graph\">{\"@context\":\"https:\/\/schema.org\",\"@graph\":[{\"@type\":\"WebPage\",\"@id\":\"https:\/\/glogoconnect.com\/es\/terminos-y-condiciones\/\",\"url\":\"https:\/\/glogoconnect.com\/es\/terminos-y-condiciones\/\",\"name\":\"Glogo Connect - Buscador negocios Canarias\",\"isPartOf\":{\"@id\":\"https:\/\/glogoconnect.com\/#website\"},\"datePublished\":\"2024-09-10T19:52:03+00:00\",\"dateModified\":\"2024-11-03T15:22:32+00:00\",\"description\":\"Somos el primer y m\u00e1s completo directorio de negocios de las Islas Canarias que ofrece dar mayor visibilidad a las empresas, soluciones para turistas y oportunidades de trabajo.\",\"breadcrumb\":{\"@id\":\"https:\/\/glogoconnect.com\/es\/terminos-y-condiciones\/#breadcrumb\"},\"inLanguage\":\"es\",\"potentialAction\":[{\"@type\":\"ReadAction\",\"target\":[\"https:\/\/glogoconnect.com\/es\/terminos-y-condiciones\/\"]}]},{\"@type\":\"BreadcrumbList\",\"@id\":\"https:\/\/glogoconnect.com\/es\/terminos-y-condiciones\/#breadcrumb\",\"itemListElement\":[{\"@type\":\"ListItem\",\"position\":1,\"name\":\"Home\",\"item\":\"https:\/\/glogoconnect.com\/es\/\"},{\"@type\":\"ListItem\",\"position\":2,\"name\":\"T\u00e9rminos y condiciones\"}]},{\"@type\":\"WebSite\",\"@id\":\"https:\/\/glogoconnect.com\/#website\",\"url\":\"https:\/\/glogoconnect.com\/\",\"name\":\"Glogo Connect\",\"description\":\"\",\"potentialAction\":[{\"@type\":\"SearchAction\",\"target\":{\"@type\":\"EntryPoint\",\"urlTemplate\":\"https:\/\/glogoconnect.com\/?s={search_term_string}\"},\"query-input\":{\"@type\":\"PropertyValueSpecification\",\"valueRequired\":true,\"valueName\":\"search_term_string\"}}],\"inLanguage\":\"es\"}]}<\/script>\n<!-- \/ Yoast SEO plugin. -->","yoast_head_json":{"title":"Glogo Connect - Buscador negocios Canarias","description":"Somos el primer y m\u00e1s completo directorio de negocios de las Islas Canarias que ofrece dar mayor visibilidad a las empresas, soluciones para turistas y oportunidades de trabajo.","robots":{"index":"index","follow":"follow","max-snippet":"max-snippet:-1","max-image-preview":"max-image-preview:large","max-video-preview":"max-video-preview:-1"},"canonical":"https:\/\/glogoconnect.com\/es\/terminos-y-condiciones\/","og_locale":"es_ES","og_type":"article","og_title":"Glogo Connect - Buscador negocios Canarias","og_description":"Somos el primer y m\u00e1s completo directorio de negocios de las Islas Canarias que ofrece dar mayor visibilidad a las empresas, soluciones para turistas y oportunidades de trabajo.","og_url":"https:\/\/glogoconnect.com\/es\/terminos-y-condiciones\/","og_site_name":"Glogo connect","article_modified_time":"2024-11-03T15:22:32+00:00","twitter_card":"summary_large_image","twitter_misc":{"Tiempo de lectura":"1 minuto"},"schema":{"@context":"https:\/\/schema.org","@graph":[{"@type":"WebPage","@id":"https:\/\/glogoconnect.com\/es\/terminos-y-condiciones\/","url":"https:\/\/glogoconnect.com\/es\/terminos-y-condiciones\/","name":"Glogo Connect - Buscador negocios Canarias","isPartOf":{"@id":"https:\/\/glogoconnect.com\/#website"},"datePublished":"2024-09-10T19:52:03+00:00","dateModified":"2024-11-03T15:22:32+00:00","description":"Somos el primer y m\u00e1s completo directorio de negocios de las Islas Canarias que ofrece dar mayor visibilidad a las empresas, soluciones para turistas y oportunidades de trabajo.","breadcrumb":{"@id":"https:\/\/glogoconnect.com\/es\/terminos-y-condiciones\/#breadcrumb"},"inLanguage":"es","potentialAction":[{"@type":"ReadAction","target":["https:\/\/glogoconnect.com\/es\/terminos-y-condiciones\/"]}]},{"@type":"BreadcrumbList","@id":"https:\/\/glogoconnect.com\/es\/terminos-y-condiciones\/#breadcrumb","itemListElement":[{"@type":"ListItem","position":1,"name":"Home","item":"https:\/\/glogoconnect.com\/es\/"},{"@type":"ListItem","position":2,"name":"T\u00e9rminos y condiciones"}]},{"@type":"WebSite","@id":"https:\/\/glogoconnect.com\/#website","url":"https:\/\/glogoconnect.com\/","name":"Glogo Connect","description":"","potentialAction":[{"@type":"SearchAction","target":{"@type":"EntryPoint","urlTemplate":"https:\/\/glogoconnect.com\/?s={search_term_string}"},"query-input":{"@type":"PropertyValueSpecification","valueRequired":true,"valueName":"search_term_string"}}],"inLanguage":"es"}]}},"_links":{"self":[{"href":"https:\/\/glogoconnect.com\/es\/wp-json\/wp\/v2\/pages\/1935","targetHints":{"allow":["GET"]}}],"collection":[{"href":"https:\/\/glogoconnect.com\/es\/wp-json\/wp\/v2\/pages"}],"about":[{"href":"https:\/\/glogoconnect.com\/es\/wp-json\/wp\/v2\/types\/page"}],"author":[{"embeddable":true,"href":"https:\/\/glogoconnect.com\/es\/wp-json\/wp\/v2\/users\/6"}],"replies":[{"embeddable":true,"href":"https:\/\/glogoconnect.com\/es\/wp-json\/wp\/v2\/comments?post=1935"}],"version-history":[{"count":1,"href":"https:\/\/glogoconnect.com\/es\/wp-json\/wp\/v2\/pages\/1935\/revisions"}],"predecessor-version":[{"id":1936,"href":"https:\/\/glogoconnect.com\/es\/wp-json\/wp\/v2\/pages\/1935\/revisions\/1936"}],"wp:attachment":[{"href":"https:\/\/glogoconnect.com\/es\/wp-json\/wp\/v2\/media?parent=1935"}],"curies":[{"name":"wp","href":"https:\/\/api.w.org\/{rel}","templated":true}]}}