{"id":496,"date":"2024-08-16T12:54:02","date_gmt":"2024-08-16T12:54:02","guid":{"rendered":"https:\/\/glogoconnect.com\/registro-2\/"},"modified":"2024-10-30T11:56:58","modified_gmt":"2024-10-30T11:56:58","slug":"registro-seleccion","status":"publish","type":"page","link":"https:\/\/glogoconnect.com\/es\/registro-seleccion\/","title":{"rendered":"Registro"},"content":{"rendered":"","protected":false},"excerpt":{"rendered":"","protected":false},"author":3,"featured_media":0,"parent":0,"menu_order":0,"comment_status":"closed","ping_status":"closed","template":"template-registro.php","meta":{"_acf_changed":false,"footnotes":""},"class_list":["post-496","page","type-page","status-publish","hentry"],"acf":[],"yoast_head":"<!-- This site is optimized with the Yoast SEO plugin v23.5 - https:\/\/yoast.com\/wordpress\/plugins\/seo\/ -->\n<title>Glogo Connect - Buscador negocios Canarias - registro negocio<\/title>\n<meta name=\"description\" content=\"Reg\u00edstrate en Glogo Connect con una de nuestras membres\u00edas y promociona tu negocio, aumenta tus ventas y fortalece tu presencia online a trav\u00e9s de unos de los mayores directorios de negocios de las Islas Canarias.\" \/>\n<meta name=\"robots\" content=\"index, follow, max-snippet:-1, max-image-preview:large, max-video-preview:-1\" \/>\n<link rel=\"canonical\" href=\"https:\/\/glogoconnect.com\/register\/\" \/>\n<meta property=\"og:locale\" content=\"es_ES\" \/>\n<meta property=\"og:type\" content=\"article\" \/>\n<meta property=\"og:title\" content=\"Glogo Connect - Buscador negocios Canarias - registro negocio\" \/>\n<meta property=\"og:description\" content=\"Reg\u00edstrate en Glogo Connect con una de nuestras membres\u00edas y promociona tu negocio, aumenta tus ventas y fortalece tu presencia online a trav\u00e9s de unos de los mayores directorios de negocios de las Islas Canarias.\" \/>\n<meta property=\"og:url\" content=\"https:\/\/glogoconnect.com\/register\/\" \/>\n<meta property=\"og:site_name\" content=\"Glogo connect\" \/>\n<meta property=\"article:modified_time\" content=\"2024-10-30T11:56:58+00:00\" \/>\n<meta name=\"twitter:card\" content=\"summary_large_image\" \/>\n<script type=\"application\/ld+json\" class=\"yoast-schema-graph\">{\"@context\":\"https:\/\/schema.org\",\"@graph\":[{\"@type\":\"WebPage\",\"@id\":\"https:\/\/glogoconnect.com\/register\/\",\"url\":\"https:\/\/glogoconnect.com\/register\/\",\"name\":\"Glogo Connect - Buscador negocios Canarias - registro negocio\",\"isPartOf\":{\"@id\":\"https:\/\/glogoconnect.com\/#website\"},\"datePublished\":\"2024-08-16T12:54:02+00:00\",\"dateModified\":\"2024-10-30T11:56:58+00:00\",\"description\":\"Reg\u00edstrate en Glogo Connect con una de nuestras membres\u00edas y promociona tu negocio, aumenta tus ventas y fortalece tu presencia online a trav\u00e9s de unos de los mayores directorios de negocios de las Islas Canarias.\",\"breadcrumb\":{\"@id\":\"https:\/\/glogoconnect.com\/register\/#breadcrumb\"},\"inLanguage\":\"es\",\"potentialAction\":[{\"@type\":\"ReadAction\",\"target\":[\"https:\/\/glogoconnect.com\/register\/\"]}]},{\"@type\":\"BreadcrumbList\",\"@id\":\"https:\/\/glogoconnect.com\/register\/#breadcrumb\",\"itemListElement\":[{\"@type\":\"ListItem\",\"position\":1,\"name\":\"Home\",\"item\":\"https:\/\/glogoconnect.com\/es\/\"},{\"@type\":\"ListItem\",\"position\":2,\"name\":\"Registro\"}]},{\"@type\":\"WebSite\",\"@id\":\"https:\/\/glogoconnect.com\/#website\",\"url\":\"https:\/\/glogoconnect.com\/\",\"name\":\"Glogo Connect\",\"description\":\"\",\"potentialAction\":[{\"@type\":\"SearchAction\",\"target\":{\"@type\":\"EntryPoint\",\"urlTemplate\":\"https:\/\/glogoconnect.com\/?s={search_term_string}\"},\"query-input\":{\"@type\":\"PropertyValueSpecification\",\"valueRequired\":true,\"valueName\":\"search_term_string\"}}],\"inLanguage\":\"es\"}]}<\/script>\n<!-- \/ Yoast SEO plugin. -->","yoast_head_json":{"title":"Glogo Connect - Buscador negocios Canarias - registro negocio","description":"Reg\u00edstrate en Glogo Connect con una de nuestras membres\u00edas y promociona tu negocio, aumenta tus ventas y fortalece tu presencia online a trav\u00e9s de unos de los mayores directorios de negocios de las Islas Canarias.","robots":{"index":"index","follow":"follow","max-snippet":"max-snippet:-1","max-image-preview":"max-image-preview:large","max-video-preview":"max-video-preview:-1"},"canonical":"https:\/\/glogoconnect.com\/register\/","og_locale":"es_ES","og_type":"article","og_title":"Glogo Connect - Buscador negocios Canarias - registro negocio","og_description":"Reg\u00edstrate en Glogo Connect con una de nuestras membres\u00edas y promociona tu negocio, aumenta tus ventas y fortalece tu presencia online a trav\u00e9s de unos de los mayores directorios de negocios de las Islas Canarias.","og_url":"https:\/\/glogoconnect.com\/register\/","og_site_name":"Glogo connect","article_modified_time":"2024-10-30T11:56:58+00:00","twitter_card":"summary_large_image","schema":{"@context":"https:\/\/schema.org","@graph":[{"@type":"WebPage","@id":"https:\/\/glogoconnect.com\/register\/","url":"https:\/\/glogoconnect.com\/register\/","name":"Glogo Connect - Buscador negocios Canarias - registro negocio","isPartOf":{"@id":"https:\/\/glogoconnect.com\/#website"},"datePublished":"2024-08-16T12:54:02+00:00","dateModified":"2024-10-30T11:56:58+00:00","description":"Reg\u00edstrate en Glogo Connect con una de nuestras membres\u00edas y promociona tu negocio, aumenta tus ventas y fortalece tu presencia online a trav\u00e9s de unos de los mayores directorios de negocios de las Islas Canarias.","breadcrumb":{"@id":"https:\/\/glogoconnect.com\/register\/#breadcrumb"},"inLanguage":"es","potentialAction":[{"@type":"ReadAction","target":["https:\/\/glogoconnect.com\/register\/"]}]},{"@type":"BreadcrumbList","@id":"https:\/\/glogoconnect.com\/register\/#breadcrumb","itemListElement":[{"@type":"ListItem","position":1,"name":"Home","item":"https:\/\/glogoconnect.com\/es\/"},{"@type":"ListItem","position":2,"name":"Registro"}]},{"@type":"WebSite","@id":"https:\/\/glogoconnect.com\/#website","url":"https:\/\/glogoconnect.com\/","name":"Glogo Connect","description":"","potentialAction":[{"@type":"SearchAction","target":{"@type":"EntryPoint","urlTemplate":"https:\/\/glogoconnect.com\/?s={search_term_string}"},"query-input":{"@type":"PropertyValueSpecification","valueRequired":true,"valueName":"search_term_string"}}],"inLanguage":"es"}]}},"_links":{"self":[{"href":"https:\/\/glogoconnect.com\/es\/wp-json\/wp\/v2\/pages\/496","targetHints":{"allow":["GET"]}}],"collection":[{"href":"https:\/\/glogoconnect.com\/es\/wp-json\/wp\/v2\/pages"}],"about":[{"href":"https:\/\/glogoconnect.com\/es\/wp-json\/wp\/v2\/types\/page"}],"author":[{"embeddable":true,"href":"https:\/\/glogoconnect.com\/es\/wp-json\/wp\/v2\/users\/3"}],"replies":[{"embeddable":true,"href":"https:\/\/glogoconnect.com\/es\/wp-json\/wp\/v2\/comments?post=496"}],"version-history":[{"count":1,"href":"https:\/\/glogoconnect.com\/es\/wp-json\/wp\/v2\/pages\/496\/revisions"}],"predecessor-version":[{"id":1768,"href":"https:\/\/glogoconnect.com\/es\/wp-json\/wp\/v2\/pages\/496\/revisions\/1768"}],"wp:attachment":[{"href":"https:\/\/glogoconnect.com\/es\/wp-json\/wp\/v2\/media?parent=496"}],"curies":[{"name":"wp","href":"https:\/\/api.w.org\/{rel}","templated":true}]}}